{"id":23756,"date":"2026-01-12T17:04:31","date_gmt":"2026-01-12T16:04:31","guid":{"rendered":"https:\/\/paris-store.com\/?post_type=product&#038;p=23756"},"modified":"2026-01-12T17:04:31","modified_gmt":"2026-01-12T16:04:31","slug":"preparation-instantanees-the-menthe-citron-vert-400g","status":"publish","type":"product","link":"https:\/\/paris-store.com\/zh-hans\/produit\/preparation-instantanees-the-menthe-citron-vert-400g\/","title":{"rendered":"Pr\u00e9paration instantan\u00e9es th\u00e9 menthe citron vert &#8211; 400g"},"content":{"rendered":"<p>PRE\/INST.THE M.C.V.400G<\/p>\n","protected":false},"excerpt":{"rendered":"<p>\u81a0\u7f50\u8584\u8377\u6ab8\u6aac\u8336\u7cbe<\/p>\n","protected":false},"featured_media":23728,"template":"","meta":{"_acf_changed":false,"_uag_custom_page_level_css":""},"product_brand":[607],"product_cat":[1211,1212],"product_tag":[],"product_country":[76],"class_list":{"0":"post-23756","1":"product","2":"type-product","3":"status-publish","4":"has-post-thumbnail","6":"product_brand-starling","7":"product_cat-preparations-instantanees-2","8":"product_cat-thes-infusions-cafes-preparations-instantanees-2","9":"product_country-france","11":"first","12":"instock","13":"shipping-taxable","14":"product-type-simple"},"acf":[],"yoast_head":"<!-- This site is optimized with the Yoast SEO plugin v26.4 - https:\/\/yoast.com\/wordpress\/plugins\/seo\/ -->\n<title>Pr\u00e9paration instantan\u00e9es th\u00e9 menthe citron vert - 400g - Paris Store<\/title>\n<meta name=\"robots\" content=\"noindex, follow, max-snippet:-1, max-image-preview:large, max-video-preview:-1\" \/>\n<meta property=\"og:locale\" content=\"zh_CN\" \/>\n<meta property=\"og:type\" content=\"article\" \/>\n<meta property=\"og:title\" content=\"Pr\u00e9paration instantan\u00e9es th\u00e9 menthe citron vert - 400g - Paris Store\" \/>\n<meta property=\"og:description\" content=\"\u81a0\u7f50\u8584\u8377\u6ab8\u6aac\u8336\u7cbe\" \/>\n<meta property=\"og:url\" content=\"https:\/\/paris-store.com\/zh-hans\/produit\/preparation-instantanees-the-menthe-citron-vert-400g\/\" \/>\n<meta property=\"og:site_name\" content=\"Paris Store\" \/>\n<meta property=\"article:publisher\" content=\"https:\/\/www.facebook.com\/ParisStore\" \/>\n<meta property=\"og:image\" content=\"https:\/\/paris-store.com\/wp-content\/uploads\/2026\/01\/002700.jpg\" \/>\n\t<meta property=\"og:image:width\" content=\"1200\" \/>\n\t<meta property=\"og:image:height\" content=\"1200\" \/>\n\t<meta property=\"og:image:type\" content=\"image\/jpeg\" \/>\n<meta name=\"twitter:card\" content=\"summary_large_image\" \/>\n<meta name=\"twitter:label1\" content=\"\u9884\u8ba1\u9605\u8bfb\u65f6\u95f4\" \/>\n\t<meta name=\"twitter:data1\" content=\"1 \u5206\" \/>\n<script type=\"application\/ld+json\" class=\"yoast-schema-graph\">{\"@context\":\"https:\/\/schema.org\",\"@graph\":[{\"@type\":\"WebPage\",\"@id\":\"https:\/\/paris-store.com\/zh-hans\/produit\/preparation-instantanees-the-menthe-citron-vert-400g\/\",\"url\":\"https:\/\/paris-store.com\/zh-hans\/produit\/preparation-instantanees-the-menthe-citron-vert-400g\/\",\"name\":\"Pr\u00e9paration instantan\u00e9es th\u00e9 menthe citron vert - 400g - Paris Store\",\"isPartOf\":{\"@id\":\"https:\/\/paris-store.com\/zh-hans\/#website\"},\"primaryImageOfPage\":{\"@id\":\"https:\/\/paris-store.com\/zh-hans\/produit\/preparation-instantanees-the-menthe-citron-vert-400g\/#primaryimage\"},\"image\":{\"@id\":\"https:\/\/paris-store.com\/zh-hans\/produit\/preparation-instantanees-the-menthe-citron-vert-400g\/#primaryimage\"},\"thumbnailUrl\":\"https:\/\/paris-store.com\/wp-content\/uploads\/2026\/01\/002700.jpg\",\"datePublished\":\"2026-01-12T16:04:31+00:00\",\"breadcrumb\":{\"@id\":\"https:\/\/paris-store.com\/zh-hans\/produit\/preparation-instantanees-the-menthe-citron-vert-400g\/#breadcrumb\"},\"inLanguage\":\"zh-Hans\",\"potentialAction\":[{\"@type\":\"ReadAction\",\"target\":[\"https:\/\/paris-store.com\/zh-hans\/produit\/preparation-instantanees-the-menthe-citron-vert-400g\/\"]}]},{\"@type\":\"ImageObject\",\"inLanguage\":\"zh-Hans\",\"@id\":\"https:\/\/paris-store.com\/zh-hans\/produit\/preparation-instantanees-the-menthe-citron-vert-400g\/#primaryimage\",\"url\":\"https:\/\/paris-store.com\/wp-content\/uploads\/2026\/01\/002700.jpg\",\"contentUrl\":\"https:\/\/paris-store.com\/wp-content\/uploads\/2026\/01\/002700.jpg\",\"width\":1200,\"height\":1200},{\"@type\":\"BreadcrumbList\",\"@id\":\"https:\/\/paris-store.com\/zh-hans\/produit\/preparation-instantanees-the-menthe-citron-vert-400g\/#breadcrumb\",\"itemListElement\":[{\"@type\":\"ListItem\",\"position\":1,\"name\":\"Accueil\",\"item\":\"https:\/\/paris-store.com\/zh-hans\/\"},{\"@type\":\"ListItem\",\"position\":2,\"name\":\"\u5546\u5e97\",\"item\":\"https:\/\/paris-store.com\/zh-hans\/%e5%95%86%e5%ba%97\/\"},{\"@type\":\"ListItem\",\"position\":3,\"name\":\"Pr\u00e9paration instantan\u00e9es th\u00e9 menthe citron vert &#8211; 400g\"}]},{\"@type\":\"WebSite\",\"@id\":\"https:\/\/paris-store.com\/zh-hans\/#website\",\"url\":\"https:\/\/paris-store.com\/zh-hans\/\",\"name\":\"Paris Store\",\"description\":\"Toutes les saveurs de l&#039;Asie\",\"publisher\":{\"@id\":\"https:\/\/paris-store.com\/zh-hans\/#organization\"},\"potentialAction\":[{\"@type\":\"SearchAction\",\"target\":{\"@type\":\"EntryPoint\",\"urlTemplate\":\"https:\/\/paris-store.com\/zh-hans\/?s={search_term_string}\"},\"query-input\":{\"@type\":\"PropertyValueSpecification\",\"valueRequired\":true,\"valueName\":\"search_term_string\"}}],\"inLanguage\":\"zh-Hans\"},{\"@type\":\"Organization\",\"@id\":\"https:\/\/paris-store.com\/zh-hans\/#organization\",\"name\":\"Paris Store\",\"url\":\"https:\/\/paris-store.com\/zh-hans\/\",\"logo\":{\"@type\":\"ImageObject\",\"inLanguage\":\"zh-Hans\",\"@id\":\"https:\/\/paris-store.com\/zh-hans\/#\/schema\/logo\/image\/\",\"url\":\"https:\/\/paris-store.com\/wp-content\/uploads\/2020\/04\/logo-paris-store.png\",\"contentUrl\":\"https:\/\/paris-store.com\/wp-content\/uploads\/2020\/04\/logo-paris-store.png\",\"width\":379,\"height\":130,\"caption\":\"Paris Store\"},\"image\":{\"@id\":\"https:\/\/paris-store.com\/zh-hans\/#\/schema\/logo\/image\/\"},\"sameAs\":[\"https:\/\/www.facebook.com\/ParisStore\",\"https:\/\/www.instagram.com\/parisstore_official\/\",\"https:\/\/www.linkedin.com\/company\/paris-store\/\",\"https:\/\/www.youtube.com\/channel\/UCmvjgzS3CVMVLbevhPdp2EQ\"]}]}<\/script>\n<!-- \/ Yoast SEO plugin. -->","yoast_head_json":{"title":"Pr\u00e9paration instantan\u00e9es th\u00e9 menthe citron vert - 400g - Paris Store","robots":{"index":"noindex","follow":"follow","max-snippet":"max-snippet:-1","max-image-preview":"max-image-preview:large","max-video-preview":"max-video-preview:-1"},"og_locale":"zh_CN","og_type":"article","og_title":"Pr\u00e9paration instantan\u00e9es th\u00e9 menthe citron vert - 400g - Paris Store","og_description":"\u81a0\u7f50\u8584\u8377\u6ab8\u6aac\u8336\u7cbe","og_url":"https:\/\/paris-store.com\/zh-hans\/produit\/preparation-instantanees-the-menthe-citron-vert-400g\/","og_site_name":"Paris Store","article_publisher":"https:\/\/www.facebook.com\/ParisStore","og_image":[{"width":1200,"height":1200,"url":"https:\/\/paris-store.com\/wp-content\/uploads\/2026\/01\/002700.jpg","type":"image\/jpeg"}],"twitter_card":"summary_large_image","twitter_misc":{"\u9884\u8ba1\u9605\u8bfb\u65f6\u95f4":"1 \u5206"},"schema":{"@context":"https:\/\/schema.org","@graph":[{"@type":"WebPage","@id":"https:\/\/paris-store.com\/zh-hans\/produit\/preparation-instantanees-the-menthe-citron-vert-400g\/","url":"https:\/\/paris-store.com\/zh-hans\/produit\/preparation-instantanees-the-menthe-citron-vert-400g\/","name":"Pr\u00e9paration instantan\u00e9es th\u00e9 menthe citron vert - 400g - Paris Store","isPartOf":{"@id":"https:\/\/paris-store.com\/zh-hans\/#website"},"primaryImageOfPage":{"@id":"https:\/\/paris-store.com\/zh-hans\/produit\/preparation-instantanees-the-menthe-citron-vert-400g\/#primaryimage"},"image":{"@id":"https:\/\/paris-store.com\/zh-hans\/produit\/preparation-instantanees-the-menthe-citron-vert-400g\/#primaryimage"},"thumbnailUrl":"https:\/\/paris-store.com\/wp-content\/uploads\/2026\/01\/002700.jpg","datePublished":"2026-01-12T16:04:31+00:00","breadcrumb":{"@id":"https:\/\/paris-store.com\/zh-hans\/produit\/preparation-instantanees-the-menthe-citron-vert-400g\/#breadcrumb"},"inLanguage":"zh-Hans","potentialAction":[{"@type":"ReadAction","target":["https:\/\/paris-store.com\/zh-hans\/produit\/preparation-instantanees-the-menthe-citron-vert-400g\/"]}]},{"@type":"ImageObject","inLanguage":"zh-Hans","@id":"https:\/\/paris-store.com\/zh-hans\/produit\/preparation-instantanees-the-menthe-citron-vert-400g\/#primaryimage","url":"https:\/\/paris-store.com\/wp-content\/uploads\/2026\/01\/002700.jpg","contentUrl":"https:\/\/paris-store.com\/wp-content\/uploads\/2026\/01\/002700.jpg","width":1200,"height":1200},{"@type":"BreadcrumbList","@id":"https:\/\/paris-store.com\/zh-hans\/produit\/preparation-instantanees-the-menthe-citron-vert-400g\/#breadcrumb","itemListElement":[{"@type":"ListItem","position":1,"name":"Accueil","item":"https:\/\/paris-store.com\/zh-hans\/"},{"@type":"ListItem","position":2,"name":"\u5546\u5e97","item":"https:\/\/paris-store.com\/zh-hans\/%e5%95%86%e5%ba%97\/"},{"@type":"ListItem","position":3,"name":"Pr\u00e9paration instantan\u00e9es th\u00e9 menthe citron vert &#8211; 400g"}]},{"@type":"WebSite","@id":"https:\/\/paris-store.com\/zh-hans\/#website","url":"https:\/\/paris-store.com\/zh-hans\/","name":"Paris Store","description":"Toutes les saveurs de l&#039;Asie","publisher":{"@id":"https:\/\/paris-store.com\/zh-hans\/#organization"},"potentialAction":[{"@type":"SearchAction","target":{"@type":"EntryPoint","urlTemplate":"https:\/\/paris-store.com\/zh-hans\/?s={search_term_string}"},"query-input":{"@type":"PropertyValueSpecification","valueRequired":true,"valueName":"search_term_string"}}],"inLanguage":"zh-Hans"},{"@type":"Organization","@id":"https:\/\/paris-store.com\/zh-hans\/#organization","name":"Paris Store","url":"https:\/\/paris-store.com\/zh-hans\/","logo":{"@type":"ImageObject","inLanguage":"zh-Hans","@id":"https:\/\/paris-store.com\/zh-hans\/#\/schema\/logo\/image\/","url":"https:\/\/paris-store.com\/wp-content\/uploads\/2020\/04\/logo-paris-store.png","contentUrl":"https:\/\/paris-store.com\/wp-content\/uploads\/2020\/04\/logo-paris-store.png","width":379,"height":130,"caption":"Paris Store"},"image":{"@id":"https:\/\/paris-store.com\/zh-hans\/#\/schema\/logo\/image\/"},"sameAs":["https:\/\/www.facebook.com\/ParisStore","https:\/\/www.instagram.com\/parisstore_official\/","https:\/\/www.linkedin.com\/company\/paris-store\/","https:\/\/www.youtube.com\/channel\/UCmvjgzS3CVMVLbevhPdp2EQ"]}]}},"uagb_featured_image_src":{"full":["https:\/\/paris-store.com\/wp-content\/uploads\/2026\/01\/002700.jpg",1200,1200,false],"thumbnail":["https:\/\/paris-store.com\/wp-content\/uploads\/2026\/01\/002700-150x150.jpg",150,150,true],"medium":["https:\/\/paris-store.com\/wp-content\/uploads\/2026\/01\/002700-600x600.jpg",600,600,true],"medium_large":["https:\/\/paris-store.com\/wp-content\/uploads\/2026\/01\/002700-768x768.jpg",768,768,true],"large":["https:\/\/paris-store.com\/wp-content\/uploads\/2026\/01\/002700-1140x1140.jpg",1140,1140,true],"1536x1536":["https:\/\/paris-store.com\/wp-content\/uploads\/2026\/01\/002700.jpg",1200,1200,false],"2048x2048":["https:\/\/paris-store.com\/wp-content\/uploads\/2026\/01\/002700.jpg",1200,1200,false],"full_width":["https:\/\/paris-store.com\/wp-content\/uploads\/2026\/01\/002700.jpg",1200,1200,false],"woocommerce_thumbnail":["https:\/\/paris-store.com\/wp-content\/uploads\/2026\/01\/002700-300x300.jpg",300,300,true],"woocommerce_single":["https:\/\/paris-store.com\/wp-content\/uploads\/2026\/01\/002700-600x600.jpg",600,600,true],"woocommerce_gallery_thumbnail":["https:\/\/paris-store.com\/wp-content\/uploads\/2026\/01\/002700-100x100.jpg",100,100,true]},"uagb_author_info":{"display_name":"Chlo\u00e9 Lemmet","author_link":"https:\/\/paris-store.com\/zh-hans\/author\/"},"uagb_comment_info":0,"uagb_excerpt":"\u81a0\u7f50\u8584\u8377\u6ab8\u6aac\u8336\u7cbe","_links":{"self":[{"href":"https:\/\/paris-store.com\/zh-hans\/wp-json\/wp\/v2\/product\/23756","targetHints":{"allow":["GET"]}}],"collection":[{"href":"https:\/\/paris-store.com\/zh-hans\/wp-json\/wp\/v2\/product"}],"about":[{"href":"https:\/\/paris-store.com\/zh-hans\/wp-json\/wp\/v2\/types\/product"}],"wp:featuredmedia":[{"embeddable":true,"href":"https:\/\/paris-store.com\/zh-hans\/wp-json\/wp\/v2\/media\/23728"}],"wp:attachment":[{"href":"https:\/\/paris-store.com\/zh-hans\/wp-json\/wp\/v2\/media?parent=23756"}],"wp:term":[{"taxonomy":"product_brand","embeddable":true,"href":"https:\/\/paris-store.com\/zh-hans\/wp-json\/wp\/v2\/product_brand?post=23756"},{"taxonomy":"product_cat","embeddable":true,"href":"https:\/\/paris-store.com\/zh-hans\/wp-json\/wp\/v2\/product_cat?post=23756"},{"taxonomy":"product_tag","embeddable":true,"href":"https:\/\/paris-store.com\/zh-hans\/wp-json\/wp\/v2\/product_tag?post=23756"},{"taxonomy":"product_country","embeddable":true,"href":"https:\/\/paris-store.com\/zh-hans\/wp-json\/wp\/v2\/product_country?post=23756"}],"curies":[{"name":"wp","href":"https:\/\/api.w.org\/{rel}","templated":true}]}}