{"id":22763,"date":"2025-05-21T15:06:30","date_gmt":"2025-05-21T13:06:30","guid":{"rendered":"https:\/\/paris-store.com\/?post_type=product&#038;p=22763"},"modified":"2025-05-21T15:06:30","modified_gmt":"2025-05-21T13:06:30","slug":"nouilles-sechees-luosifen-extra-epicees-380g","status":"publish","type":"product","link":"https:\/\/paris-store.com\/en\/produit\/nouilles-sechees-luosifen-extra-epicees-380g\/","title":{"rendered":"Nouilles S\u00e9ch\u00e9es Luosifen Extra \u00c9pic\u00e9es 380g"},"content":{"rendered":"<p>NOUILLE SEC.EXT.EPIC380G<\/p>\n","protected":false},"excerpt":{"rendered":"<p>\u67f3\u5dde\u87ba\u7d72\u7c89(\u52a0\u8fa3)<\/p>\n","protected":false},"featured_media":0,"template":"","meta":{"_acf_changed":false,"_uag_custom_page_level_css":""},"product_brand":[],"product_cat":[945],"product_tag":[],"product_country":[],"class_list":{"0":"post-22763","1":"product","2":"type-product","3":"status-publish","5":"product_cat-boissons","7":"first","8":"instock","9":"shipping-taxable","10":"product-type-simple"},"acf":[],"yoast_head":"<!-- This site is optimized with the Yoast SEO plugin v26.4 - https:\/\/yoast.com\/wordpress\/plugins\/seo\/ -->\n<title>Nouilles S\u00e9ch\u00e9es Luosifen Extra \u00c9pic\u00e9es 380g - Paris Store<\/title>\n<meta name=\"robots\" content=\"noindex, follow, max-snippet:-1, max-image-preview:large, max-video-preview:-1\" \/>\n<meta property=\"og:locale\" content=\"en_US\" \/>\n<meta property=\"og:type\" content=\"article\" \/>\n<meta property=\"og:title\" content=\"Nouilles S\u00e9ch\u00e9es Luosifen Extra \u00c9pic\u00e9es 380g - Paris Store\" \/>\n<meta property=\"og:description\" content=\"\u67f3\u5dde\u87ba\u7d72\u7c89(\u52a0\u8fa3)\" \/>\n<meta property=\"og:url\" content=\"https:\/\/paris-store.com\/en\/produit\/nouilles-sechees-luosifen-extra-epicees-380g\/\" \/>\n<meta property=\"og:site_name\" content=\"Paris Store\" \/>\n<meta property=\"article:publisher\" content=\"https:\/\/www.facebook.com\/ParisStore\" \/>\n<meta name=\"twitter:card\" content=\"summary_large_image\" \/>\n<meta name=\"twitter:label1\" content=\"Est. reading time\" \/>\n\t<meta name=\"twitter:data1\" content=\"1 minute\" \/>\n<script type=\"application\/ld+json\" class=\"yoast-schema-graph\">{\"@context\":\"https:\/\/schema.org\",\"@graph\":[{\"@type\":\"WebPage\",\"@id\":\"https:\/\/paris-store.com\/en\/produit\/nouilles-sechees-luosifen-extra-epicees-380g\/\",\"url\":\"https:\/\/paris-store.com\/en\/produit\/nouilles-sechees-luosifen-extra-epicees-380g\/\",\"name\":\"Nouilles S\u00e9ch\u00e9es Luosifen Extra \u00c9pic\u00e9es 380g - Paris Store\",\"isPartOf\":{\"@id\":\"https:\/\/paris-store.com\/en\/#website\"},\"datePublished\":\"2025-05-21T13:06:30+00:00\",\"breadcrumb\":{\"@id\":\"https:\/\/paris-store.com\/en\/produit\/nouilles-sechees-luosifen-extra-epicees-380g\/#breadcrumb\"},\"inLanguage\":\"en-US\",\"potentialAction\":[{\"@type\":\"ReadAction\",\"target\":[\"https:\/\/paris-store.com\/en\/produit\/nouilles-sechees-luosifen-extra-epicees-380g\/\"]}]},{\"@type\":\"BreadcrumbList\",\"@id\":\"https:\/\/paris-store.com\/en\/produit\/nouilles-sechees-luosifen-extra-epicees-380g\/#breadcrumb\",\"itemListElement\":[{\"@type\":\"ListItem\",\"position\":1,\"name\":\"Accueil\",\"item\":\"https:\/\/paris-store.com\/en\/\"},{\"@type\":\"ListItem\",\"position\":2,\"name\":\"Shop\",\"item\":\"https:\/\/paris-store.com\/en\/shop\/\"},{\"@type\":\"ListItem\",\"position\":3,\"name\":\"Nouilles S\u00e9ch\u00e9es Luosifen Extra \u00c9pic\u00e9es 380g\"}]},{\"@type\":\"WebSite\",\"@id\":\"https:\/\/paris-store.com\/en\/#website\",\"url\":\"https:\/\/paris-store.com\/en\/\",\"name\":\"Paris Store\",\"description\":\"Toutes les saveurs de l&#039;Asie\",\"publisher\":{\"@id\":\"https:\/\/paris-store.com\/en\/#organization\"},\"potentialAction\":[{\"@type\":\"SearchAction\",\"target\":{\"@type\":\"EntryPoint\",\"urlTemplate\":\"https:\/\/paris-store.com\/en\/?s={search_term_string}\"},\"query-input\":{\"@type\":\"PropertyValueSpecification\",\"valueRequired\":true,\"valueName\":\"search_term_string\"}}],\"inLanguage\":\"en-US\"},{\"@type\":\"Organization\",\"@id\":\"https:\/\/paris-store.com\/en\/#organization\",\"name\":\"Paris Store\",\"url\":\"https:\/\/paris-store.com\/en\/\",\"logo\":{\"@type\":\"ImageObject\",\"inLanguage\":\"en-US\",\"@id\":\"https:\/\/paris-store.com\/en\/#\/schema\/logo\/image\/\",\"url\":\"https:\/\/paris-store.com\/wp-content\/uploads\/2020\/04\/logo-paris-store.png\",\"contentUrl\":\"https:\/\/paris-store.com\/wp-content\/uploads\/2020\/04\/logo-paris-store.png\",\"width\":379,\"height\":130,\"caption\":\"Paris Store\"},\"image\":{\"@id\":\"https:\/\/paris-store.com\/en\/#\/schema\/logo\/image\/\"},\"sameAs\":[\"https:\/\/www.facebook.com\/ParisStore\",\"https:\/\/www.instagram.com\/parisstore_official\/\",\"https:\/\/www.linkedin.com\/company\/paris-store\/\",\"https:\/\/www.youtube.com\/channel\/UCmvjgzS3CVMVLbevhPdp2EQ\"]}]}<\/script>\n<!-- \/ Yoast SEO plugin. -->","yoast_head_json":{"title":"Nouilles S\u00e9ch\u00e9es Luosifen Extra \u00c9pic\u00e9es 380g - Paris Store","robots":{"index":"noindex","follow":"follow","max-snippet":"max-snippet:-1","max-image-preview":"max-image-preview:large","max-video-preview":"max-video-preview:-1"},"og_locale":"en_US","og_type":"article","og_title":"Nouilles S\u00e9ch\u00e9es Luosifen Extra \u00c9pic\u00e9es 380g - Paris Store","og_description":"\u67f3\u5dde\u87ba\u7d72\u7c89(\u52a0\u8fa3)","og_url":"https:\/\/paris-store.com\/en\/produit\/nouilles-sechees-luosifen-extra-epicees-380g\/","og_site_name":"Paris Store","article_publisher":"https:\/\/www.facebook.com\/ParisStore","twitter_card":"summary_large_image","twitter_misc":{"Est. reading time":"1 minute"},"schema":{"@context":"https:\/\/schema.org","@graph":[{"@type":"WebPage","@id":"https:\/\/paris-store.com\/en\/produit\/nouilles-sechees-luosifen-extra-epicees-380g\/","url":"https:\/\/paris-store.com\/en\/produit\/nouilles-sechees-luosifen-extra-epicees-380g\/","name":"Nouilles S\u00e9ch\u00e9es Luosifen Extra \u00c9pic\u00e9es 380g - Paris Store","isPartOf":{"@id":"https:\/\/paris-store.com\/en\/#website"},"datePublished":"2025-05-21T13:06:30+00:00","breadcrumb":{"@id":"https:\/\/paris-store.com\/en\/produit\/nouilles-sechees-luosifen-extra-epicees-380g\/#breadcrumb"},"inLanguage":"en-US","potentialAction":[{"@type":"ReadAction","target":["https:\/\/paris-store.com\/en\/produit\/nouilles-sechees-luosifen-extra-epicees-380g\/"]}]},{"@type":"BreadcrumbList","@id":"https:\/\/paris-store.com\/en\/produit\/nouilles-sechees-luosifen-extra-epicees-380g\/#breadcrumb","itemListElement":[{"@type":"ListItem","position":1,"name":"Accueil","item":"https:\/\/paris-store.com\/en\/"},{"@type":"ListItem","position":2,"name":"Shop","item":"https:\/\/paris-store.com\/en\/shop\/"},{"@type":"ListItem","position":3,"name":"Nouilles S\u00e9ch\u00e9es Luosifen Extra \u00c9pic\u00e9es 380g"}]},{"@type":"WebSite","@id":"https:\/\/paris-store.com\/en\/#website","url":"https:\/\/paris-store.com\/en\/","name":"Paris Store","description":"Toutes les saveurs de l&#039;Asie","publisher":{"@id":"https:\/\/paris-store.com\/en\/#organization"},"potentialAction":[{"@type":"SearchAction","target":{"@type":"EntryPoint","urlTemplate":"https:\/\/paris-store.com\/en\/?s={search_term_string}"},"query-input":{"@type":"PropertyValueSpecification","valueRequired":true,"valueName":"search_term_string"}}],"inLanguage":"en-US"},{"@type":"Organization","@id":"https:\/\/paris-store.com\/en\/#organization","name":"Paris Store","url":"https:\/\/paris-store.com\/en\/","logo":{"@type":"ImageObject","inLanguage":"en-US","@id":"https:\/\/paris-store.com\/en\/#\/schema\/logo\/image\/","url":"https:\/\/paris-store.com\/wp-content\/uploads\/2020\/04\/logo-paris-store.png","contentUrl":"https:\/\/paris-store.com\/wp-content\/uploads\/2020\/04\/logo-paris-store.png","width":379,"height":130,"caption":"Paris Store"},"image":{"@id":"https:\/\/paris-store.com\/en\/#\/schema\/logo\/image\/"},"sameAs":["https:\/\/www.facebook.com\/ParisStore","https:\/\/www.instagram.com\/parisstore_official\/","https:\/\/www.linkedin.com\/company\/paris-store\/","https:\/\/www.youtube.com\/channel\/UCmvjgzS3CVMVLbevhPdp2EQ"]}]}},"uagb_featured_image_src":{"full":false,"thumbnail":false,"medium":false,"medium_large":false,"large":false,"1536x1536":false,"2048x2048":false,"full_width":false,"woocommerce_thumbnail":false,"woocommerce_single":false,"woocommerce_gallery_thumbnail":false},"uagb_author_info":{"display_name":"Heloise Guglielmi","author_link":"https:\/\/paris-store.com\/en\/author\/"},"uagb_comment_info":0,"uagb_excerpt":"\u67f3\u5dde\u87ba\u7d72\u7c89(\u52a0\u8fa3)","_links":{"self":[{"href":"https:\/\/paris-store.com\/en\/wp-json\/wp\/v2\/product\/22763","targetHints":{"allow":["GET"]}}],"collection":[{"href":"https:\/\/paris-store.com\/en\/wp-json\/wp\/v2\/product"}],"about":[{"href":"https:\/\/paris-store.com\/en\/wp-json\/wp\/v2\/types\/product"}],"wp:attachment":[{"href":"https:\/\/paris-store.com\/en\/wp-json\/wp\/v2\/media?parent=22763"}],"wp:term":[{"taxonomy":"product_brand","embeddable":true,"href":"https:\/\/paris-store.com\/en\/wp-json\/wp\/v2\/product_brand?post=22763"},{"taxonomy":"product_cat","embeddable":true,"href":"https:\/\/paris-store.com\/en\/wp-json\/wp\/v2\/product_cat?post=22763"},{"taxonomy":"product_tag","embeddable":true,"href":"https:\/\/paris-store.com\/en\/wp-json\/wp\/v2\/product_tag?post=22763"},{"taxonomy":"product_country","embeddable":true,"href":"https:\/\/paris-store.com\/en\/wp-json\/wp\/v2\/product_country?post=22763"}],"curies":[{"name":"wp","href":"https:\/\/api.w.org\/{rel}","templated":true}]}}