{"id":22044,"date":"2024-12-20T12:13:57","date_gmt":"2024-12-20T11:13:57","guid":{"rendered":"https:\/\/paris-store.com\/produit\/copeaux-de-bonite-a-ventre-raye-fumee-et-sechee\/"},"modified":"2024-12-20T13:02:39","modified_gmt":"2024-12-20T12:02:39","slug":"copeaux-de-bonite-a-ventre-raye-fumee-et-sechee","status":"publish","type":"product","link":"https:\/\/paris-store.com\/en\/produit\/copeaux-de-bonite-a-ventre-raye-fumee-et-sechee\/","title":{"rendered":"Copeaux de bonite \u00e0 ventre ray\u00e9 fum\u00e9e et s\u00e9ch\u00e9e"},"content":{"rendered":"<p>KATSUOBUSHI COPEAU.40GFR<\/p>\n","protected":false},"excerpt":{"rendered":"<p>\u91d1\u69cd\u9b5a\u7247\u4e7e(BONITE)<\/p>\n","protected":false},"featured_media":20253,"template":"","meta":{"_acf_changed":false,"_uag_custom_page_level_css":""},"product_brand":[1159],"product_cat":[968,977],"product_tag":[],"product_country":[76],"class_list":{"0":"post-22044","1":"product","2":"type-product","3":"status-publish","4":"has-post-thumbnail","6":"product_brand-makurazaki-france","7":"product_cat-conserves","8":"product_cat-produits-de-la-mer","9":"product_country-france","11":"first","12":"instock","13":"product-type-simple"},"acf":[],"yoast_head":"<!-- This site is optimized with the Yoast SEO plugin v26.4 - https:\/\/yoast.com\/wordpress\/plugins\/seo\/ -->\n<title>Copeaux de bonite \u00e0 ventre ray\u00e9 fum\u00e9e et s\u00e9ch\u00e9e - Paris Store<\/title>\n<meta name=\"robots\" content=\"noindex, follow, max-snippet:-1, max-image-preview:large, max-video-preview:-1\" \/>\n<meta property=\"og:locale\" content=\"en_US\" \/>\n<meta property=\"og:type\" content=\"article\" \/>\n<meta property=\"og:title\" content=\"Copeaux de bonite \u00e0 ventre ray\u00e9 fum\u00e9e et s\u00e9ch\u00e9e - Paris Store\" \/>\n<meta property=\"og:description\" content=\"\u91d1\u69cd\u9b5a\u7247\u4e7e(BONITE)\" \/>\n<meta property=\"og:url\" content=\"https:\/\/paris-store.com\/en\/produit\/copeaux-de-bonite-a-ventre-raye-fumee-et-sechee\/\" \/>\n<meta property=\"og:site_name\" content=\"Paris Store\" \/>\n<meta property=\"article:publisher\" content=\"https:\/\/www.facebook.com\/ParisStore\" \/>\n<meta property=\"article:modified_time\" content=\"2024-12-20T12:02:39+00:00\" \/>\n<meta property=\"og:image\" content=\"https:\/\/paris-store.com\/wp-content\/uploads\/2024\/07\/003784.jpg\" \/>\n\t<meta property=\"og:image:width\" content=\"825\" \/>\n\t<meta property=\"og:image:height\" content=\"1220\" \/>\n\t<meta property=\"og:image:type\" content=\"image\/jpeg\" \/>\n<meta name=\"twitter:card\" content=\"summary_large_image\" \/>\n<script type=\"application\/ld+json\" class=\"yoast-schema-graph\">{\"@context\":\"https:\/\/schema.org\",\"@graph\":[{\"@type\":\"WebPage\",\"@id\":\"https:\/\/paris-store.com\/en\/produit\/copeaux-de-bonite-a-ventre-raye-fumee-et-sechee\/\",\"url\":\"https:\/\/paris-store.com\/en\/produit\/copeaux-de-bonite-a-ventre-raye-fumee-et-sechee\/\",\"name\":\"Copeaux de bonite \u00e0 ventre ray\u00e9 fum\u00e9e et s\u00e9ch\u00e9e - Paris Store\",\"isPartOf\":{\"@id\":\"https:\/\/paris-store.com\/en\/#website\"},\"primaryImageOfPage\":{\"@id\":\"https:\/\/paris-store.com\/en\/produit\/copeaux-de-bonite-a-ventre-raye-fumee-et-sechee\/#primaryimage\"},\"image\":{\"@id\":\"https:\/\/paris-store.com\/en\/produit\/copeaux-de-bonite-a-ventre-raye-fumee-et-sechee\/#primaryimage\"},\"thumbnailUrl\":\"https:\/\/paris-store.com\/wp-content\/uploads\/2024\/07\/003784.jpg\",\"datePublished\":\"2024-12-20T11:13:57+00:00\",\"dateModified\":\"2024-12-20T12:02:39+00:00\",\"breadcrumb\":{\"@id\":\"https:\/\/paris-store.com\/en\/produit\/copeaux-de-bonite-a-ventre-raye-fumee-et-sechee\/#breadcrumb\"},\"inLanguage\":\"en-US\",\"potentialAction\":[{\"@type\":\"ReadAction\",\"target\":[\"https:\/\/paris-store.com\/en\/produit\/copeaux-de-bonite-a-ventre-raye-fumee-et-sechee\/\"]}]},{\"@type\":\"ImageObject\",\"inLanguage\":\"en-US\",\"@id\":\"https:\/\/paris-store.com\/en\/produit\/copeaux-de-bonite-a-ventre-raye-fumee-et-sechee\/#primaryimage\",\"url\":\"https:\/\/paris-store.com\/wp-content\/uploads\/2024\/07\/003784.jpg\",\"contentUrl\":\"https:\/\/paris-store.com\/wp-content\/uploads\/2024\/07\/003784.jpg\",\"width\":825,\"height\":1220},{\"@type\":\"BreadcrumbList\",\"@id\":\"https:\/\/paris-store.com\/en\/produit\/copeaux-de-bonite-a-ventre-raye-fumee-et-sechee\/#breadcrumb\",\"itemListElement\":[{\"@type\":\"ListItem\",\"position\":1,\"name\":\"Accueil\",\"item\":\"https:\/\/paris-store.com\/en\/\"},{\"@type\":\"ListItem\",\"position\":2,\"name\":\"Shop\",\"item\":\"https:\/\/paris-store.com\/en\/shop\/\"},{\"@type\":\"ListItem\",\"position\":3,\"name\":\"Copeaux de bonite \u00e0 ventre ray\u00e9 fum\u00e9e et s\u00e9ch\u00e9e\"}]},{\"@type\":\"WebSite\",\"@id\":\"https:\/\/paris-store.com\/en\/#website\",\"url\":\"https:\/\/paris-store.com\/en\/\",\"name\":\"Paris Store\",\"description\":\"Toutes les saveurs de l&#039;Asie\",\"publisher\":{\"@id\":\"https:\/\/paris-store.com\/en\/#organization\"},\"potentialAction\":[{\"@type\":\"SearchAction\",\"target\":{\"@type\":\"EntryPoint\",\"urlTemplate\":\"https:\/\/paris-store.com\/en\/?s={search_term_string}\"},\"query-input\":{\"@type\":\"PropertyValueSpecification\",\"valueRequired\":true,\"valueName\":\"search_term_string\"}}],\"inLanguage\":\"en-US\"},{\"@type\":\"Organization\",\"@id\":\"https:\/\/paris-store.com\/en\/#organization\",\"name\":\"Paris Store\",\"url\":\"https:\/\/paris-store.com\/en\/\",\"logo\":{\"@type\":\"ImageObject\",\"inLanguage\":\"en-US\",\"@id\":\"https:\/\/paris-store.com\/en\/#\/schema\/logo\/image\/\",\"url\":\"https:\/\/paris-store.com\/wp-content\/uploads\/2020\/04\/logo-paris-store.png\",\"contentUrl\":\"https:\/\/paris-store.com\/wp-content\/uploads\/2020\/04\/logo-paris-store.png\",\"width\":379,\"height\":130,\"caption\":\"Paris Store\"},\"image\":{\"@id\":\"https:\/\/paris-store.com\/en\/#\/schema\/logo\/image\/\"},\"sameAs\":[\"https:\/\/www.facebook.com\/ParisStore\",\"https:\/\/www.instagram.com\/parisstore_official\/\",\"https:\/\/www.linkedin.com\/company\/paris-store\/\",\"https:\/\/www.youtube.com\/channel\/UCmvjgzS3CVMVLbevhPdp2EQ\"]}]}<\/script>\n<!-- \/ Yoast SEO plugin. -->","yoast_head_json":{"title":"Copeaux de bonite \u00e0 ventre ray\u00e9 fum\u00e9e et s\u00e9ch\u00e9e - Paris Store","robots":{"index":"noindex","follow":"follow","max-snippet":"max-snippet:-1","max-image-preview":"max-image-preview:large","max-video-preview":"max-video-preview:-1"},"og_locale":"en_US","og_type":"article","og_title":"Copeaux de bonite \u00e0 ventre ray\u00e9 fum\u00e9e et s\u00e9ch\u00e9e - Paris Store","og_description":"\u91d1\u69cd\u9b5a\u7247\u4e7e(BONITE)","og_url":"https:\/\/paris-store.com\/en\/produit\/copeaux-de-bonite-a-ventre-raye-fumee-et-sechee\/","og_site_name":"Paris Store","article_publisher":"https:\/\/www.facebook.com\/ParisStore","article_modified_time":"2024-12-20T12:02:39+00:00","og_image":[{"width":825,"height":1220,"url":"https:\/\/paris-store.com\/wp-content\/uploads\/2024\/07\/003784.jpg","type":"image\/jpeg"}],"twitter_card":"summary_large_image","schema":{"@context":"https:\/\/schema.org","@graph":[{"@type":"WebPage","@id":"https:\/\/paris-store.com\/en\/produit\/copeaux-de-bonite-a-ventre-raye-fumee-et-sechee\/","url":"https:\/\/paris-store.com\/en\/produit\/copeaux-de-bonite-a-ventre-raye-fumee-et-sechee\/","name":"Copeaux de bonite \u00e0 ventre ray\u00e9 fum\u00e9e et s\u00e9ch\u00e9e - Paris Store","isPartOf":{"@id":"https:\/\/paris-store.com\/en\/#website"},"primaryImageOfPage":{"@id":"https:\/\/paris-store.com\/en\/produit\/copeaux-de-bonite-a-ventre-raye-fumee-et-sechee\/#primaryimage"},"image":{"@id":"https:\/\/paris-store.com\/en\/produit\/copeaux-de-bonite-a-ventre-raye-fumee-et-sechee\/#primaryimage"},"thumbnailUrl":"https:\/\/paris-store.com\/wp-content\/uploads\/2024\/07\/003784.jpg","datePublished":"2024-12-20T11:13:57+00:00","dateModified":"2024-12-20T12:02:39+00:00","breadcrumb":{"@id":"https:\/\/paris-store.com\/en\/produit\/copeaux-de-bonite-a-ventre-raye-fumee-et-sechee\/#breadcrumb"},"inLanguage":"en-US","potentialAction":[{"@type":"ReadAction","target":["https:\/\/paris-store.com\/en\/produit\/copeaux-de-bonite-a-ventre-raye-fumee-et-sechee\/"]}]},{"@type":"ImageObject","inLanguage":"en-US","@id":"https:\/\/paris-store.com\/en\/produit\/copeaux-de-bonite-a-ventre-raye-fumee-et-sechee\/#primaryimage","url":"https:\/\/paris-store.com\/wp-content\/uploads\/2024\/07\/003784.jpg","contentUrl":"https:\/\/paris-store.com\/wp-content\/uploads\/2024\/07\/003784.jpg","width":825,"height":1220},{"@type":"BreadcrumbList","@id":"https:\/\/paris-store.com\/en\/produit\/copeaux-de-bonite-a-ventre-raye-fumee-et-sechee\/#breadcrumb","itemListElement":[{"@type":"ListItem","position":1,"name":"Accueil","item":"https:\/\/paris-store.com\/en\/"},{"@type":"ListItem","position":2,"name":"Shop","item":"https:\/\/paris-store.com\/en\/shop\/"},{"@type":"ListItem","position":3,"name":"Copeaux de bonite \u00e0 ventre ray\u00e9 fum\u00e9e et s\u00e9ch\u00e9e"}]},{"@type":"WebSite","@id":"https:\/\/paris-store.com\/en\/#website","url":"https:\/\/paris-store.com\/en\/","name":"Paris Store","description":"Toutes les saveurs de l&#039;Asie","publisher":{"@id":"https:\/\/paris-store.com\/en\/#organization"},"potentialAction":[{"@type":"SearchAction","target":{"@type":"EntryPoint","urlTemplate":"https:\/\/paris-store.com\/en\/?s={search_term_string}"},"query-input":{"@type":"PropertyValueSpecification","valueRequired":true,"valueName":"search_term_string"}}],"inLanguage":"en-US"},{"@type":"Organization","@id":"https:\/\/paris-store.com\/en\/#organization","name":"Paris Store","url":"https:\/\/paris-store.com\/en\/","logo":{"@type":"ImageObject","inLanguage":"en-US","@id":"https:\/\/paris-store.com\/en\/#\/schema\/logo\/image\/","url":"https:\/\/paris-store.com\/wp-content\/uploads\/2020\/04\/logo-paris-store.png","contentUrl":"https:\/\/paris-store.com\/wp-content\/uploads\/2020\/04\/logo-paris-store.png","width":379,"height":130,"caption":"Paris Store"},"image":{"@id":"https:\/\/paris-store.com\/en\/#\/schema\/logo\/image\/"},"sameAs":["https:\/\/www.facebook.com\/ParisStore","https:\/\/www.instagram.com\/parisstore_official\/","https:\/\/www.linkedin.com\/company\/paris-store\/","https:\/\/www.youtube.com\/channel\/UCmvjgzS3CVMVLbevhPdp2EQ"]}]}},"uagb_featured_image_src":{"full":["https:\/\/paris-store.com\/wp-content\/uploads\/2024\/07\/003784.jpg",825,1220,false],"thumbnail":["https:\/\/paris-store.com\/wp-content\/uploads\/2024\/07\/003784-150x150.jpg",150,150,true],"medium":["https:\/\/paris-store.com\/wp-content\/uploads\/2024\/07\/003784-406x600.jpg",406,600,true],"medium_large":["https:\/\/paris-store.com\/wp-content\/uploads\/2024\/07\/003784-768x1136.jpg",768,1136,true],"large":["https:\/\/paris-store.com\/wp-content\/uploads\/2024\/07\/003784-771x1140.jpg",771,1140,true],"1536x1536":["https:\/\/paris-store.com\/wp-content\/uploads\/2024\/07\/003784.jpg",825,1220,false],"2048x2048":["https:\/\/paris-store.com\/wp-content\/uploads\/2024\/07\/003784.jpg",825,1220,false],"full_width":["https:\/\/paris-store.com\/wp-content\/uploads\/2024\/07\/003784.jpg",825,1220,false],"woocommerce_thumbnail":["https:\/\/paris-store.com\/wp-content\/uploads\/2024\/07\/003784-300x444.jpg",300,444,true],"woocommerce_single":["https:\/\/paris-store.com\/wp-content\/uploads\/2024\/07\/003784-600x887.jpg",600,887,true],"woocommerce_gallery_thumbnail":["https:\/\/paris-store.com\/wp-content\/uploads\/2024\/07\/003784-100x100.jpg",100,100,true]},"uagb_author_info":{"display_name":"Suzanne Pholasa","author_link":"https:\/\/paris-store.com\/en\/author\/"},"uagb_comment_info":0,"uagb_excerpt":"\u91d1\u69cd\u9b5a\u7247\u4e7e(BONITE)","_links":{"self":[{"href":"https:\/\/paris-store.com\/en\/wp-json\/wp\/v2\/product\/22044","targetHints":{"allow":["GET"]}}],"collection":[{"href":"https:\/\/paris-store.com\/en\/wp-json\/wp\/v2\/product"}],"about":[{"href":"https:\/\/paris-store.com\/en\/wp-json\/wp\/v2\/types\/product"}],"wp:featuredmedia":[{"embeddable":true,"href":"https:\/\/paris-store.com\/en\/wp-json\/wp\/v2\/media\/20253"}],"wp:attachment":[{"href":"https:\/\/paris-store.com\/en\/wp-json\/wp\/v2\/media?parent=22044"}],"wp:term":[{"taxonomy":"product_brand","embeddable":true,"href":"https:\/\/paris-store.com\/en\/wp-json\/wp\/v2\/product_brand?post=22044"},{"taxonomy":"product_cat","embeddable":true,"href":"https:\/\/paris-store.com\/en\/wp-json\/wp\/v2\/product_cat?post=22044"},{"taxonomy":"product_tag","embeddable":true,"href":"https:\/\/paris-store.com\/en\/wp-json\/wp\/v2\/product_tag?post=22044"},{"taxonomy":"product_country","embeddable":true,"href":"https:\/\/paris-store.com\/en\/wp-json\/wp\/v2\/product_country?post=22044"}],"curies":[{"name":"wp","href":"https:\/\/api.w.org\/{rel}","templated":true}]}}